{"id":550,"date":"2023-03-15T16:35:05","date_gmt":"2023-03-15T19:35:05","guid":{"rendered":"https:\/\/sunamerica.com.br\/?page_id=550"},"modified":"2023-03-24T11:32:33","modified_gmt":"2023-03-24T14:32:33","slug":"direcao-da-empresa","status":"publish","type":"page","link":"https:\/\/sunamerica.com.br\/?page_id=550","title":{"rendered":"Dire\u00e7\u00e3o da Empresa"},"content":{"rendered":"\t\t<div data-elementor-type=\"wp-page\" data-elementor-id=\"550\" class=\"elementor elementor-550\">\n\t\t\t\t\t\t<div class=\"elementor-inner\">\n\t\t\t\t<div class=\"elementor-section-wrap\">\n\t\t\t\t\t\t\t\t\t<section class=\"elementor-section elementor-top-section elementor-element elementor-element-c6bbaeb elementor-section-boxed elementor-section-height-default elementor-section-height-default\" data-id=\"c6bbaeb\" data-element_type=\"section\">\n\t\t\t\t\t\t<div class=\"elementor-container elementor-column-gap-default\">\n\t\t\t\t\t\t\t<div class=\"elementor-row\">\n\t\t\t\t\t<div class=\"elementor-column elementor-col-100 elementor-top-column elementor-element elementor-element-4afa63f\" data-id=\"4afa63f\" data-element_type=\"column\">\n\t\t\t<div class=\"elementor-column-wrap elementor-element-populated\">\n\t\t\t\t\t\t\t<div class=\"elementor-widget-wrap\">\n\t\t\t\t\t\t<section class=\"elementor-section elementor-inner-section elementor-element elementor-element-0c99713 elementor-section-boxed elementor-section-height-default elementor-section-height-default\" data-id=\"0c99713\" data-element_type=\"section\">\n\t\t\t\t\t\t<div class=\"elementor-container elementor-column-gap-default\">\n\t\t\t\t\t\t\t<div class=\"elementor-row\">\n\t\t\t\t\t<div class=\"elementor-column elementor-col-50 elementor-inner-column elementor-element elementor-element-3207582\" data-id=\"3207582\" data-element_type=\"column\">\n\t\t\t<div class=\"elementor-column-wrap elementor-element-populated\">\n\t\t\t\t\t\t\t<div class=\"elementor-widget-wrap\">\n\t\t\t\t\t\t<div class=\"elementor-element elementor-element-2b585d3 elementor-widget elementor-widget-image\" data-id=\"2b585d3\" data-element_type=\"widget\" data-widget_type=\"image.default\">\n\t\t\t\t<div class=\"elementor-widget-container\">\n\t\t\t\t\t\t\t\t<div class=\"elementor-image\">\n\t\t\t\t\t\t\t\t\t\t\t\t<img loading=\"lazy\" decoding=\"async\" width=\"169\" height=\"300\" src=\"https:\/\/sunamerica.com.br\/wp-content\/uploads\/2023\/03\/gabri-PeB-1679086649623-169x300.jpg\" class=\"attachment-medium size-medium\" alt=\"\" srcset=\"https:\/\/sunamerica.com.br\/wp-content\/uploads\/2023\/03\/gabri-PeB-1679086649623-169x300.jpg 169w, https:\/\/sunamerica.com.br\/wp-content\/uploads\/2023\/03\/gabri-PeB-1679086649623-576x1024.jpg 576w, https:\/\/sunamerica.com.br\/wp-content\/uploads\/2023\/03\/gabri-PeB-1679086649623-768x1365.jpg 768w, https:\/\/sunamerica.com.br\/wp-content\/uploads\/2023\/03\/gabri-PeB-1679086649623-864x1536.jpg 864w, https:\/\/sunamerica.com.br\/wp-content\/uploads\/2023\/03\/gabri-PeB-1679086649623-1152x2048.jpg 1152w, https:\/\/sunamerica.com.br\/wp-content\/uploads\/2023\/03\/gabri-PeB-1679086649623-82x146.jpg 82w, https:\/\/sunamerica.com.br\/wp-content\/uploads\/2023\/03\/gabri-PeB-1679086649623-28x50.jpg 28w, https:\/\/sunamerica.com.br\/wp-content\/uploads\/2023\/03\/gabri-PeB-1679086649623-42x75.jpg 42w, https:\/\/sunamerica.com.br\/wp-content\/uploads\/2023\/03\/gabri-PeB-1679086649623-scaled.jpg 1440w\" sizes=\"auto, (max-width: 169px) 100vw, 169px\" \/>\t\t\t\t\t\t\t\t\t\t\t\t\t\t<\/div>\n\t\t\t\t\t\t<\/div>\n\t\t\t\t<\/div>\n\t\t\t\t\t\t<\/div>\n\t\t\t\t\t<\/div>\n\t\t<\/div>\n\t\t\t\t<div class=\"elementor-column elementor-col-50 elementor-inner-column elementor-element elementor-element-cfc461e\" data-id=\"cfc461e\" data-element_type=\"column\">\n\t\t\t<div class=\"elementor-column-wrap elementor-element-populated\">\n\t\t\t\t\t\t\t<div class=\"elementor-widget-wrap\">\n\t\t\t\t\t\t<div class=\"elementor-element elementor-element-f5ad782 elementor-widget elementor-widget-text-editor\" data-id=\"f5ad782\" data-element_type=\"widget\" data-widget_type=\"text-editor.default\">\n\t\t\t\t<div class=\"elementor-widget-container\">\n\t\t\t\t\t\t\t\t<div class=\"elementor-text-editor elementor-clearfix\">\n\t\t\t\t<p>Gabriel Fernandez<\/p><p>Diretor de Servi\u00e7os<\/p><p>Graduando em Engenharia El\u00e9trica.<\/p><p>Possui cursos na \u00e1rea de Especifica\u00e7\u00e3o, Montagem e\u00a0 Monitoramento de Usinas e Experi\u00eancia na instala\u00e7\u00e3o, monitoramento e supervis\u00e3o de dezenas de Usinas\u00a0 Solares.<\/p>\t\t\t\t\t<\/div>\n\t\t\t\t\t\t<\/div>\n\t\t\t\t<\/div>\n\t\t\t\t\t\t<\/div>\n\t\t\t\t\t<\/div>\n\t\t<\/div>\n\t\t\t\t\t\t\t\t<\/div>\n\t\t\t\t\t<\/div>\n\t\t<\/section>\n\t\t\t\t\t\t<\/div>\n\t\t\t\t\t<\/div>\n\t\t<\/div>\n\t\t\t\t\t\t\t\t<\/div>\n\t\t\t\t\t<\/div>\n\t\t<\/section>\n\t\t\t\t<section class=\"elementor-section elementor-top-section elementor-element elementor-element-b13cec5 elementor-section-boxed elementor-section-height-default elementor-section-height-default\" data-id=\"b13cec5\" data-element_type=\"section\">\n\t\t\t\t\t\t<div class=\"elementor-container elementor-column-gap-default\">\n\t\t\t\t\t\t\t<div class=\"elementor-row\">\n\t\t\t\t\t<div class=\"elementor-column elementor-col-100 elementor-top-column elementor-element elementor-element-9f042cf\" data-id=\"9f042cf\" data-element_type=\"column\">\n\t\t\t<div class=\"elementor-column-wrap elementor-element-populated\">\n\t\t\t\t\t\t\t<div class=\"elementor-widget-wrap\">\n\t\t\t\t\t\t<section class=\"elementor-section elementor-inner-section elementor-element elementor-element-c24879d elementor-section-boxed elementor-section-height-default elementor-section-height-default\" data-id=\"c24879d\" data-element_type=\"section\">\n\t\t\t\t\t\t<div class=\"elementor-container elementor-column-gap-default\">\n\t\t\t\t\t\t\t<div class=\"elementor-row\">\n\t\t\t\t\t<div class=\"elementor-column elementor-col-50 elementor-inner-column elementor-element elementor-element-c6eeef3\" data-id=\"c6eeef3\" data-element_type=\"column\">\n\t\t\t<div class=\"elementor-column-wrap elementor-element-populated\">\n\t\t\t\t\t\t\t<div class=\"elementor-widget-wrap\">\n\t\t\t\t\t\t<div class=\"elementor-element elementor-element-7ff050f elementor-widget elementor-widget-image\" data-id=\"7ff050f\" data-element_type=\"widget\" data-widget_type=\"image.default\">\n\t\t\t\t<div class=\"elementor-widget-container\">\n\t\t\t\t\t\t\t\t<div class=\"elementor-image\">\n\t\t\t\t\t\t\t\t\t\t\t\t<img loading=\"lazy\" decoding=\"async\" width=\"225\" height=\"300\" src=\"https:\/\/sunamerica.com.br\/wp-content\/uploads\/2023\/03\/marcio-PeB-01-225x300.jpg\" class=\"attachment-medium size-medium\" alt=\"\" srcset=\"https:\/\/sunamerica.com.br\/wp-content\/uploads\/2023\/03\/marcio-PeB-01-225x300.jpg 225w, https:\/\/sunamerica.com.br\/wp-content\/uploads\/2023\/03\/marcio-PeB-01-768x1024.jpg 768w, https:\/\/sunamerica.com.br\/wp-content\/uploads\/2023\/03\/marcio-PeB-01-1152x1536.jpg 1152w, https:\/\/sunamerica.com.br\/wp-content\/uploads\/2023\/03\/marcio-PeB-01-1536x2048.jpg 1536w, https:\/\/sunamerica.com.br\/wp-content\/uploads\/2023\/03\/marcio-PeB-01-110x146.jpg 110w, https:\/\/sunamerica.com.br\/wp-content\/uploads\/2023\/03\/marcio-PeB-01-38x50.jpg 38w, https:\/\/sunamerica.com.br\/wp-content\/uploads\/2023\/03\/marcio-PeB-01-56x75.jpg 56w, https:\/\/sunamerica.com.br\/wp-content\/uploads\/2023\/03\/marcio-PeB-01-scaled.jpg 1920w\" sizes=\"auto, (max-width: 225px) 100vw, 225px\" \/>\t\t\t\t\t\t\t\t\t\t\t\t\t\t<\/div>\n\t\t\t\t\t\t<\/div>\n\t\t\t\t<\/div>\n\t\t\t\t\t\t<\/div>\n\t\t\t\t\t<\/div>\n\t\t<\/div>\n\t\t\t\t<div class=\"elementor-column elementor-col-50 elementor-inner-column elementor-element elementor-element-49cf6de\" data-id=\"49cf6de\" data-element_type=\"column\">\n\t\t\t<div class=\"elementor-column-wrap elementor-element-populated\">\n\t\t\t\t\t\t\t<div class=\"elementor-widget-wrap\">\n\t\t\t\t\t\t<div class=\"elementor-element elementor-element-dd0547d elementor-widget elementor-widget-text-editor\" data-id=\"dd0547d\" data-element_type=\"widget\" data-widget_type=\"text-editor.default\">\n\t\t\t\t<div class=\"elementor-widget-container\">\n\t\t\t\t\t\t\t\t<div class=\"elementor-text-editor elementor-clearfix\">\n\t\t\t\t<p>M\u00e1rcio Meira<\/p><p>Diretor Financeiro<\/p><p><span style=\"letter-spacing: 0px;\">Gradua\u00e7\u00e3o em Ci\u00eancias da Computa\u00e7\u00e3o com\u00a0<\/span><span style=\"letter-spacing: 0px;\">P\u00f3s-gradua\u00e7\u00e3o em Redes de Computadores na UFG. \u00c9\u00a0<\/span><span style=\"letter-spacing: 0px;\">P\u00f3s-gradua\u00e7\u00e3o em Internet, Objetos e Sistemas Distribu\u00eddos na UFC e possui M<\/span><span style=\"letter-spacing: 0px;\">BA em Gerenciamento de Projetos na Funda\u00e7\u00e3o Get\u00falio Vargas.<\/span><\/p><p><span style=\"letter-spacing: 0px;\">Atuou como l\u00edder em Institui\u00e7\u00f5es Financeiras e Empresas de Telecomunica\u00e7\u00f5es\u00a0 e\u00a0<\/span><span style=\"letter-spacing: 0px;\">Gerente de Tecnologia da Informa\u00e7\u00e3o em \u00f3rg\u00e3os p\u00fablicos. Experi\u00eancia em Gerenciamento de Projetos, Gest\u00e3o de Contratos, Gest\u00e3o de Tecnologia e mapeamento de Processos.<\/span><\/p>\t\t\t\t\t<\/div>\n\t\t\t\t\t\t<\/div>\n\t\t\t\t<\/div>\n\t\t\t\t\t\t<\/div>\n\t\t\t\t\t<\/div>\n\t\t<\/div>\n\t\t\t\t\t\t\t\t<\/div>\n\t\t\t\t\t<\/div>\n\t\t<\/section>\n\t\t\t\t\t\t<\/div>\n\t\t\t\t\t<\/div>\n\t\t<\/div>\n\t\t\t\t\t\t\t\t<\/div>\n\t\t\t\t\t<\/div>\n\t\t<\/section>\n\t\t\t\t<section class=\"elementor-section elementor-top-section elementor-element elementor-element-df20bda elementor-section-boxed elementor-section-height-default elementor-section-height-default\" data-id=\"df20bda\" data-element_type=\"section\">\n\t\t\t\t\t\t<div class=\"elementor-container elementor-column-gap-default\">\n\t\t\t\t\t\t\t<div class=\"elementor-row\">\n\t\t\t\t\t<div class=\"elementor-column elementor-col-100 elementor-top-column elementor-element elementor-element-f27bddf\" data-id=\"f27bddf\" data-element_type=\"column\">\n\t\t\t<div class=\"elementor-column-wrap elementor-element-populated\">\n\t\t\t\t\t\t\t<div class=\"elementor-widget-wrap\">\n\t\t\t\t\t\t<section class=\"elementor-section elementor-inner-section elementor-element elementor-element-f174e5b elementor-section-boxed elementor-section-height-default elementor-section-height-default\" data-id=\"f174e5b\" data-element_type=\"section\">\n\t\t\t\t\t\t<div class=\"elementor-container elementor-column-gap-default\">\n\t\t\t\t\t\t\t<div class=\"elementor-row\">\n\t\t\t\t\t<div class=\"elementor-column elementor-col-50 elementor-inner-column elementor-element elementor-element-82a6d10\" data-id=\"82a6d10\" data-element_type=\"column\">\n\t\t\t<div class=\"elementor-column-wrap elementor-element-populated\">\n\t\t\t\t\t\t\t<div class=\"elementor-widget-wrap\">\n\t\t\t\t\t\t<div class=\"elementor-element elementor-element-49b0307 elementor-widget elementor-widget-image\" data-id=\"49b0307\" data-element_type=\"widget\" data-widget_type=\"image.default\">\n\t\t\t\t<div class=\"elementor-widget-container\">\n\t\t\t\t\t\t\t\t<div class=\"elementor-image\">\n\t\t\t\t\t\t\t\t\t\t\t\t<img loading=\"lazy\" decoding=\"async\" width=\"225\" height=\"300\" src=\"https:\/\/sunamerica.com.br\/wp-content\/uploads\/2023\/03\/JC-PeB-01-225x300.jpg\" class=\"attachment-medium size-medium\" alt=\"\" srcset=\"https:\/\/sunamerica.com.br\/wp-content\/uploads\/2023\/03\/JC-PeB-01-225x300.jpg 225w, https:\/\/sunamerica.com.br\/wp-content\/uploads\/2023\/03\/JC-PeB-01-768x1024.jpg 768w, https:\/\/sunamerica.com.br\/wp-content\/uploads\/2023\/03\/JC-PeB-01-1152x1536.jpg 1152w, https:\/\/sunamerica.com.br\/wp-content\/uploads\/2023\/03\/JC-PeB-01-1536x2048.jpg 1536w, https:\/\/sunamerica.com.br\/wp-content\/uploads\/2023\/03\/JC-PeB-01-110x146.jpg 110w, https:\/\/sunamerica.com.br\/wp-content\/uploads\/2023\/03\/JC-PeB-01-38x50.jpg 38w, https:\/\/sunamerica.com.br\/wp-content\/uploads\/2023\/03\/JC-PeB-01-56x75.jpg 56w, https:\/\/sunamerica.com.br\/wp-content\/uploads\/2023\/03\/JC-PeB-01-scaled.jpg 1920w\" sizes=\"auto, (max-width: 225px) 100vw, 225px\" \/>\t\t\t\t\t\t\t\t\t\t\t\t\t\t<\/div>\n\t\t\t\t\t\t<\/div>\n\t\t\t\t<\/div>\n\t\t\t\t\t\t<\/div>\n\t\t\t\t\t<\/div>\n\t\t<\/div>\n\t\t\t\t<div class=\"elementor-column elementor-col-50 elementor-inner-column elementor-element elementor-element-93b5acb\" data-id=\"93b5acb\" data-element_type=\"column\">\n\t\t\t<div class=\"elementor-column-wrap elementor-element-populated\">\n\t\t\t\t\t\t\t<div class=\"elementor-widget-wrap\">\n\t\t\t\t\t\t<div class=\"elementor-element elementor-element-3ee069c elementor-widget elementor-widget-text-editor\" data-id=\"3ee069c\" data-element_type=\"widget\" data-widget_type=\"text-editor.default\">\n\t\t\t\t<div class=\"elementor-widget-container\">\n\t\t\t\t\t\t\t\t<div class=\"elementor-text-editor elementor-clearfix\">\n\t\t\t\t<p>Jos\u00e9 Carlos Meira<\/p><p>Diretor de Engenharia e Tecnologia<\/p><p>Graduado em Ci\u00eancias da Computa\u00e7\u00e3o e Engenharia El\u00e9trica com mestrado pela Escola de Engenharia da UFG.<\/p><p>Atuou como l\u00edder em v\u00e1rias empresas da \u00e1rea de tecnologia. Experi\u00eancia no dimensionamento, projeto, execu\u00e7\u00e3o, comissionamento e monitoramento de centenas de Usinas.<\/p>\t\t\t\t\t<\/div>\n\t\t\t\t\t\t<\/div>\n\t\t\t\t<\/div>\n\t\t\t\t\t\t<\/div>\n\t\t\t\t\t<\/div>\n\t\t<\/div>\n\t\t\t\t\t\t\t\t<\/div>\n\t\t\t\t\t<\/div>\n\t\t<\/section>\n\t\t\t\t\t\t<\/div>\n\t\t\t\t\t<\/div>\n\t\t<\/div>\n\t\t\t\t\t\t\t\t<\/div>\n\t\t\t\t\t<\/div>\n\t\t<\/section>\n\t\t\t\t\t\t\t\t\t<\/div>\n\t\t\t<\/div>\n\t\t\t\t\t<\/div>\n\t\t","protected":false},"excerpt":{"rendered":"<p>Gabriel Fernandez Diretor de Servi\u00e7os Graduando em Engenharia El\u00e9trica. Possui cursos na \u00e1rea de Especifica\u00e7\u00e3o, Montagem e\u00a0 Monitoramento de Usinas e Experi\u00eancia na instala\u00e7\u00e3o, monitoramento e<span class=\"excerpt-hellip\"> [\u2026]<\/span><\/p>\n","protected":false},"author":2,"featured_media":0,"parent":0,"menu_order":0,"comment_status":"closed","ping_status":"closed","template":"","meta":{"footnotes":""},"class_list":["post-550","page","type-page","status-publish","hentry"],"_links":{"self":[{"href":"https:\/\/sunamerica.com.br\/index.php?rest_route=\/wp\/v2\/pages\/550","targetHints":{"allow":["GET"]}}],"collection":[{"href":"https:\/\/sunamerica.com.br\/index.php?rest_route=\/wp\/v2\/pages"}],"about":[{"href":"https:\/\/sunamerica.com.br\/index.php?rest_route=\/wp\/v2\/types\/page"}],"author":[{"embeddable":true,"href":"https:\/\/sunamerica.com.br\/index.php?rest_route=\/wp\/v2\/users\/2"}],"replies":[{"embeddable":true,"href":"https:\/\/sunamerica.com.br\/index.php?rest_route=%2Fwp%2Fv2%2Fcomments&post=550"}],"version-history":[{"count":39,"href":"https:\/\/sunamerica.com.br\/index.php?rest_route=\/wp\/v2\/pages\/550\/revisions"}],"predecessor-version":[{"id":617,"href":"https:\/\/sunamerica.com.br\/index.php?rest_route=\/wp\/v2\/pages\/550\/revisions\/617"}],"wp:attachment":[{"href":"https:\/\/sunamerica.com.br\/index.php?rest_route=%2Fwp%2Fv2%2Fmedia&parent=550"}],"curies":[{"name":"wp","href":"https:\/\/api.w.org\/{rel}","templated":true}]}}