{"id":267,"date":"2021-12-13T16:37:02","date_gmt":"2021-12-13T19:37:02","guid":{"rendered":"https:\/\/sunamerica.com.br\/?page_id=267"},"modified":"2021-12-13T16:41:36","modified_gmt":"2021-12-13T19:41:36","slug":"blog","status":"publish","type":"page","link":"https:\/\/sunamerica.com.br\/?page_id=267","title":{"rendered":"Blog"},"content":{"rendered":"\t\t<div data-elementor-type=\"wp-page\" data-elementor-id=\"267\" class=\"elementor elementor-267\">\n\t\t\t\t\t\t<div class=\"elementor-inner\">\n\t\t\t\t<div class=\"elementor-section-wrap\">\n\t\t\t\t\t\t\t\t\t<section class=\"elementor-section elementor-top-section elementor-element elementor-element-679aa53 elementor-section-stretched blog elementor-section-boxed elementor-section-height-default elementor-section-height-default\" data-id=\"679aa53\" data-element_type=\"section\" id=\"blog\" data-settings=\"{&quot;stretch_section&quot;:&quot;section-stretched&quot;,&quot;background_background&quot;:&quot;classic&quot;}\">\n\t\t\t\t\t\t\t<div class=\"elementor-background-overlay\"><\/div>\n\t\t\t\t\t\t\t<div class=\"elementor-container elementor-column-gap-wider\">\n\t\t\t\t\t\t\t<div class=\"elementor-row\">\n\t\t\t\t\t<div class=\"elementor-column elementor-col-100 elementor-top-column elementor-element elementor-element-202cab89\" data-id=\"202cab89\" data-element_type=\"column\">\n\t\t\t<div class=\"elementor-column-wrap elementor-element-populated\">\n\t\t\t\t\t\t\t<div class=\"elementor-widget-wrap\">\n\t\t\t\t\t\t<section class=\"elementor-section elementor-inner-section elementor-element elementor-element-35afd444 elementor-section-boxed elementor-section-height-default elementor-section-height-default\" data-id=\"35afd444\" data-element_type=\"section\">\n\t\t\t\t\t\t<div class=\"elementor-container elementor-column-gap-default\">\n\t\t\t\t\t\t\t<div class=\"elementor-row\">\n\t\t\t\t\t<div class=\"elementor-column elementor-col-100 elementor-inner-column elementor-element elementor-element-603ed070\" data-id=\"603ed070\" data-element_type=\"column\">\n\t\t\t<div class=\"elementor-column-wrap elementor-element-populated\">\n\t\t\t\t\t\t\t<div class=\"elementor-widget-wrap\">\n\t\t\t\t\t\t<div class=\"elementor-element elementor-element-35a5b3de elementor-widget elementor-widget-text-editor\" data-id=\"35a5b3de\" data-element_type=\"widget\" data-widget_type=\"text-editor.default\">\n\t\t\t\t<div class=\"elementor-widget-container\">\n\t\t\t\t\t\t\t\t<div class=\"elementor-text-editor elementor-clearfix\">\n\t\t\t\t<h6><span style=\"color: #3c38e5;\">ARTIGOS<br \/><\/span><\/h6><h2>BLOG<\/h2>\t\t\t\t\t<\/div>\n\t\t\t\t\t\t<\/div>\n\t\t\t\t<\/div>\n\t\t\t\t<div class=\"elementor-element elementor-element-2b32018f elementor-widget elementor-widget-spacer\" data-id=\"2b32018f\" data-element_type=\"widget\" data-widget_type=\"spacer.default\">\n\t\t\t\t<div class=\"elementor-widget-container\">\n\t\t\t\t\t<div class=\"elementor-spacer\">\n\t\t\t<div class=\"elementor-spacer-inner\"><\/div>\n\t\t<\/div>\n\t\t\t\t<\/div>\n\t\t\t\t<\/div>\n\t\t\t\t\t\t<\/div>\n\t\t\t\t\t<\/div>\n\t\t<\/div>\n\t\t\t\t\t\t\t\t<\/div>\n\t\t\t\t\t<\/div>\n\t\t<\/section>\n\t\t\t\t<div class=\"elementor-element elementor-element-94cf870 elementor-grid-2 elementor-grid-tablet-2 elementor-grid-mobile-1 elementor-posts--thumbnail-top elementor-widget elementor-widget-posts\" data-id=\"94cf870\" data-element_type=\"widget\" data-settings=\"{&quot;classic_columns&quot;:&quot;2&quot;,&quot;pagination_type&quot;:&quot;numbers&quot;,&quot;classic_columns_tablet&quot;:&quot;2&quot;,&quot;classic_columns_mobile&quot;:&quot;1&quot;,&quot;classic_row_gap&quot;:{&quot;unit&quot;:&quot;px&quot;,&quot;size&quot;:35,&quot;sizes&quot;:[]},&quot;classic_row_gap_tablet&quot;:{&quot;unit&quot;:&quot;px&quot;,&quot;size&quot;:&quot;&quot;,&quot;sizes&quot;:[]},&quot;classic_row_gap_mobile&quot;:{&quot;unit&quot;:&quot;px&quot;,&quot;size&quot;:&quot;&quot;,&quot;sizes&quot;:[]}}\" data-widget_type=\"posts.classic\">\n\t\t\t\t<div class=\"elementor-widget-container\">\n\t\t\t\t\t<div class=\"elementor-posts-container elementor-posts elementor-posts--skin-classic elementor-grid\">\n\t\t\t\t<article class=\"elementor-post elementor-grid-item post-627 post type-post status-publish format-standard hentry category-sem-categoria tag-energia-solar tag-usina-fotovoltaica\">\n\t\t\t\t<div class=\"elementor-post__text\">\n\t\t\t\t<h3 class=\"elementor-post__title\">\n\t\t\t<a href=\"https:\/\/sunamerica.com.br\/?p=627\" >\n\t\t\t\tAterramento Em Usinas Solares\t\t\t<\/a>\n\t\t<\/h3>\n\t\t\t\t<div class=\"elementor-post__meta-data\">\n\t\t\t\t\t<span class=\"elementor-post-date\">\n\t\t\t1 de novembro de 2023\t\t<\/span>\n\t\t\t\t<span class=\"elementor-post-avatar\">\n\t\t\tNenhum coment\u00e1rio\t\t<\/span>\n\t\t\t\t<\/div>\n\t\t\t\t<div class=\"elementor-post__excerpt\">\n\t\t\t<p>Aterramento Em Usinas Solares NBR5410, NBR5419, NBR14039, NBR16690 e NBR15749 Aterramento: Infraestrutura el\u00e9trica de baixa imped\u00e2ncia \u00e0 terra que permite o escoamento das correntes de falta<\/p>\n\t\t<\/div>\n\t\t\t\t\t<a class=\"elementor-post__read-more\" href=\"https:\/\/sunamerica.com.br\/?p=627\" >\n\t\t\t\tLeia\u00bb\t\t\t<\/a>\n\t\t\t\t<\/div>\n\t\t\t\t<\/article>\n\t\t\t\t<article class=\"elementor-post elementor-grid-item post-522 post type-post status-publish format-standard has-post-thumbnail hentry category-sem-categoria tag-energia-solar tag-usina-fotovoltaica\">\n\t\t\t\t<a class=\"elementor-post__thumbnail__link\" href=\"https:\/\/sunamerica.com.br\/?p=522\" >\n\t\t\t<div class=\"elementor-post__thumbnail\"><img loading=\"lazy\" decoding=\"async\" width=\"300\" height=\"180\" src=\"https:\/\/sunamerica.com.br\/wp-content\/uploads\/2023\/02\/Imagem1-tarifa-1-300x180.jpg\" class=\"attachment-medium size-medium\" alt=\"\" \/><\/div>\n\t\t<\/a>\n\t\t\t\t<div class=\"elementor-post__text\">\n\t\t\t\t<h3 class=\"elementor-post__title\">\n\t\t\t<a href=\"https:\/\/sunamerica.com.br\/?p=522\" >\n\t\t\t\tEfeito do Aumento da Tarifa na Viabilidade Econ\u00f4mica de Usinas Solares em Goi\u00e1s\t\t\t<\/a>\n\t\t<\/h3>\n\t\t\t\t<div class=\"elementor-post__meta-data\">\n\t\t\t\t\t<span class=\"elementor-post-date\">\n\t\t\t18 de outubro de 2023\t\t<\/span>\n\t\t\t\t<span class=\"elementor-post-avatar\">\n\t\t\tNenhum coment\u00e1rio\t\t<\/span>\n\t\t\t\t<\/div>\n\t\t\t\t<div class=\"elementor-post__excerpt\">\n\t\t\t<p>Tarifa\u00e7\u00e3o A Lei 14.300, sancionada no ano de 2022, estabeleceu o Marco Regulat\u00f3rio da Gera\u00e7\u00e3o Distribu\u00edda de Energia. A nova regulamenta\u00e7\u00e3o estabeleceu uma nova componente no<\/p>\n\t\t<\/div>\n\t\t\t\t\t<a class=\"elementor-post__read-more\" href=\"https:\/\/sunamerica.com.br\/?p=522\" >\n\t\t\t\tLeia\u00bb\t\t\t<\/a>\n\t\t\t\t<\/div>\n\t\t\t\t<\/article>\n\t\t\t\t<article class=\"elementor-post elementor-grid-item post-621 post type-post status-publish format-standard has-post-thumbnail hentry category-sem-categoria tag-energia-solar tag-usina-fotovoltaica\">\n\t\t\t\t<a class=\"elementor-post__thumbnail__link\" href=\"https:\/\/sunamerica.com.br\/?p=621\" >\n\t\t\t<div class=\"elementor-post__thumbnail\"><img loading=\"lazy\" decoding=\"async\" width=\"168\" height=\"300\" src=\"https:\/\/sunamerica.com.br\/wp-content\/uploads\/2023\/10\/SegEnerg-01-168x300.png\" class=\"attachment-medium size-medium\" alt=\"\" \/><\/div>\n\t\t<\/a>\n\t\t\t\t<div class=\"elementor-post__text\">\n\t\t\t\t<h3 class=\"elementor-post__title\">\n\t\t\t<a href=\"https:\/\/sunamerica.com.br\/?p=621\" >\n\t\t\t\tSeguran\u00e7a Energ\u00e9tica\t\t\t<\/a>\n\t\t<\/h3>\n\t\t\t\t<div class=\"elementor-post__meta-data\">\n\t\t\t\t\t<span class=\"elementor-post-date\">\n\t\t\t18 de outubro de 2023\t\t<\/span>\n\t\t\t\t<span class=\"elementor-post-avatar\">\n\t\t\tNenhum coment\u00e1rio\t\t<\/span>\n\t\t\t\t<\/div>\n\t\t\t\t<div class=\"elementor-post__excerpt\">\n\t\t\t<p>Seguran\u00e7a Energ\u00e9tica Ela est\u00e1 associada \u00e0 garantia de energia\u00a0para as necessidades do consumidor, com\u00a0pre\u00e7os baixos, na quantidade, no tempo e\u00a0na hora necess\u00e1rios, reduzindo a\u00a0depend\u00eancia do consumidor<\/p>\n\t\t<\/div>\n\t\t\t\t\t<a class=\"elementor-post__read-more\" href=\"https:\/\/sunamerica.com.br\/?p=621\" >\n\t\t\t\tLeia\u00bb\t\t\t<\/a>\n\t\t\t\t<\/div>\n\t\t\t\t<\/article>\n\t\t\t\t<article class=\"elementor-post elementor-grid-item post-529 post type-post status-publish format-standard hentry category-sem-categoria tag-energia-solar tag-usina-fotovoltaica\">\n\t\t\t\t<div class=\"elementor-post__text\">\n\t\t\t\t<h3 class=\"elementor-post__title\">\n\t\t\t<a href=\"https:\/\/sunamerica.com.br\/?p=529\" >\n\t\t\t\tAlgumas Altera\u00e7\u00f5es na REN n\u00b0 1.059\/2023 ANEEL relativas ao Grupo A\t\t\t<\/a>\n\t\t<\/h3>\n\t\t\t\t<div class=\"elementor-post__meta-data\">\n\t\t\t\t\t<span class=\"elementor-post-date\">\n\t\t\t2 de mar\u00e7o de 2023\t\t<\/span>\n\t\t\t\t<span class=\"elementor-post-avatar\">\n\t\t\tNenhum coment\u00e1rio\t\t<\/span>\n\t\t\t\t<\/div>\n\t\t\t\t<div class=\"elementor-post__excerpt\">\n\t\t\t<p>A Resolu\u00e7\u00e3o 1.000 da ANEEL sofreu v\u00e1rias altera\u00e7\u00f5es com a publica\u00e7\u00e3o da REN 1.059\/2023. Algumas das altera\u00e7\u00f5es se aplicam exclusivamente aos consumidores do Grupo A e<\/p>\n\t\t<\/div>\n\t\t\t\t\t<a class=\"elementor-post__read-more\" href=\"https:\/\/sunamerica.com.br\/?p=529\" >\n\t\t\t\tLeia\u00bb\t\t\t<\/a>\n\t\t\t\t<\/div>\n\t\t\t\t<\/article>\n\t\t\t\t<article class=\"elementor-post elementor-grid-item post-523 post type-post status-publish format-standard hentry category-sem-categoria tag-energia-solar tag-usina-fotovoltaica\">\n\t\t\t\t<div class=\"elementor-post__text\">\n\t\t\t\t<h3 class=\"elementor-post__title\">\n\t\t\t<a href=\"https:\/\/sunamerica.com.br\/?p=523\" >\n\t\t\t\tAlguns Aspectos Importantes da Resolu\u00e7\u00e3o 1.059 da ANEEL\t\t\t<\/a>\n\t\t<\/h3>\n\t\t\t\t<div class=\"elementor-post__meta-data\">\n\t\t\t\t\t<span class=\"elementor-post-date\">\n\t\t\t24 de fevereiro de 2023\t\t<\/span>\n\t\t\t\t<span class=\"elementor-post-avatar\">\n\t\t\tNenhum coment\u00e1rio\t\t<\/span>\n\t\t\t\t<\/div>\n\t\t\t\t<div class=\"elementor-post__excerpt\">\n\t\t\t<p>Classifica\u00e7\u00f5es das Usinas Fotovoltaicas na Resolu\u00e7\u00e3o 1.059 da ANEEL A Resolu\u00e7\u00e3o 1000 da ANEEL fez a compila\u00e7\u00e3o de muitas outras resolu\u00e7\u00f5es anteriores, reunindo em um \u00fanico<\/p>\n\t\t<\/div>\n\t\t\t\t\t<a class=\"elementor-post__read-more\" href=\"https:\/\/sunamerica.com.br\/?p=523\" >\n\t\t\t\tLeia\u00bb\t\t\t<\/a>\n\t\t\t\t<\/div>\n\t\t\t\t<\/article>\n\t\t\t\t<article class=\"elementor-post elementor-grid-item post-455 post type-post status-publish format-standard hentry category-sem-categoria\">\n\t\t\t\t<div class=\"elementor-post__text\">\n\t\t\t\t<h3 class=\"elementor-post__title\">\n\t\t\t<a href=\"https:\/\/sunamerica.com.br\/?p=455\" >\n\t\t\t\tQuanto ao Futuro da Gera\u00e7\u00e3o Pr\u00f3pria?\t\t\t<\/a>\n\t\t<\/h3>\n\t\t\t\t<div class=\"elementor-post__meta-data\">\n\t\t\t\t\t<span class=\"elementor-post-date\">\n\t\t\t11 de maio de 2022\t\t<\/span>\n\t\t\t\t<span class=\"elementor-post-avatar\">\n\t\t\tNenhum coment\u00e1rio\t\t<\/span>\n\t\t\t\t<\/div>\n\t\t\t\t<div class=\"elementor-post__excerpt\">\n\t\t\t<p>Futuro Aprender a usar a nosso favor as tend\u00eancias mercadol\u00f3gicas que j\u00e1 existem e j\u00e1 est\u00e3o estruturadas gera valor em nossos neg\u00f3cios e se traduz em<\/p>\n\t\t<\/div>\n\t\t\t\t\t<a class=\"elementor-post__read-more\" href=\"https:\/\/sunamerica.com.br\/?p=455\" >\n\t\t\t\tLeia\u00bb\t\t\t<\/a>\n\t\t\t\t<\/div>\n\t\t\t\t<\/article>\n\t\t\t\t<article class=\"elementor-post elementor-grid-item post-453 post type-post status-publish format-standard hentry category-sem-categoria\">\n\t\t\t\t<div class=\"elementor-post__text\">\n\t\t\t\t<h3 class=\"elementor-post__title\">\n\t\t\t<a href=\"https:\/\/sunamerica.com.br\/?p=453\" >\n\t\t\t\tVantagens Econ\u00f4micas na gera\u00e7\u00e3o da Sua Pr\u00f3pria Energia\t\t\t<\/a>\n\t\t<\/h3>\n\t\t\t\t<div class=\"elementor-post__meta-data\">\n\t\t\t\t\t<span class=\"elementor-post-date\">\n\t\t\t11 de maio de 2022\t\t<\/span>\n\t\t\t\t<span class=\"elementor-post-avatar\">\n\t\t\tNenhum coment\u00e1rio\t\t<\/span>\n\t\t\t\t<\/div>\n\t\t\t\t<div class=\"elementor-post__excerpt\">\n\t\t\t<p>Economia O alto \u00edndice atual de infla\u00e7\u00e3o no Brasil (11,30%, IPCA acumulado 12 meses) traz perspectivas negativas para o custo da energia no Brasil (Aneel aprovou<\/p>\n\t\t<\/div>\n\t\t\t\t\t<a class=\"elementor-post__read-more\" href=\"https:\/\/sunamerica.com.br\/?p=453\" >\n\t\t\t\tLeia\u00bb\t\t\t<\/a>\n\t\t\t\t<\/div>\n\t\t\t\t<\/article>\n\t\t\t\t<article class=\"elementor-post elementor-grid-item post-451 post type-post status-publish format-standard hentry category-sem-categoria\">\n\t\t\t\t<div class=\"elementor-post__text\">\n\t\t\t\t<h3 class=\"elementor-post__title\">\n\t\t\t<a href=\"https:\/\/sunamerica.com.br\/?p=451\" >\n\t\t\t\tQuais as Vantagens de ser Independente na Gera\u00e7\u00e3o da Sua Energia?\t\t\t<\/a>\n\t\t<\/h3>\n\t\t\t\t<div class=\"elementor-post__meta-data\">\n\t\t\t\t\t<span class=\"elementor-post-date\">\n\t\t\t11 de maio de 2022\t\t<\/span>\n\t\t\t\t<span class=\"elementor-post-avatar\">\n\t\t\tNenhum coment\u00e1rio\t\t<\/span>\n\t\t\t\t<\/div>\n\t\t\t\t<div class=\"elementor-post__excerpt\">\n\t\t\t<p>Independ\u00eancia N\u00e3o podemos ficar \u00e0 merc\u00ea de racionamentos, apag\u00f5es, crises h\u00eddricas e inefici\u00eancia de gest\u00e3o governamental. Os fantasmas dos apag\u00f5es ainda nos assombram. Em 2021, houve<\/p>\n\t\t<\/div>\n\t\t\t\t\t<a class=\"elementor-post__read-more\" href=\"https:\/\/sunamerica.com.br\/?p=451\" >\n\t\t\t\tLeia\u00bb\t\t\t<\/a>\n\t\t\t\t<\/div>\n\t\t\t\t<\/article>\n\t\t\t\t<article class=\"elementor-post elementor-grid-item post-444 post type-post status-publish format-standard hentry category-sem-categoria\">\n\t\t\t\t<div class=\"elementor-post__text\">\n\t\t\t\t<h3 class=\"elementor-post__title\">\n\t\t\t<a href=\"https:\/\/sunamerica.com.br\/?p=444\" >\n\t\t\t\tA Energia Solar \u00e9 Sustent\u00e1vel?\t\t\t<\/a>\n\t\t<\/h3>\n\t\t\t\t<div class=\"elementor-post__meta-data\">\n\t\t\t\t\t<span class=\"elementor-post-date\">\n\t\t\t11 de maio de 2022\t\t<\/span>\n\t\t\t\t<span class=\"elementor-post-avatar\">\n\t\t\tNenhum coment\u00e1rio\t\t<\/span>\n\t\t\t\t<\/div>\n\t\t\t\t<div class=\"elementor-post__excerpt\">\n\t\t\t<p>Sustentabilidade A energia solar \u00e9 uma energia limpa e sem res\u00edduos. Devemos ter consci\u00eancia de que estamos inseridos de forma respons\u00e1vel no ambiente que nos cerca.<\/p>\n\t\t<\/div>\n\t\t\t\t\t<a class=\"elementor-post__read-more\" href=\"https:\/\/sunamerica.com.br\/?p=444\" >\n\t\t\t\tLeia\u00bb\t\t\t<\/a>\n\t\t\t\t<\/div>\n\t\t\t\t<\/article>\n\t\t\t\t<article class=\"elementor-post elementor-grid-item post-442 post type-post status-publish format-standard hentry category-sem-categoria\">\n\t\t\t\t<div class=\"elementor-post__text\">\n\t\t\t\t<h3 class=\"elementor-post__title\">\n\t\t\t<a href=\"https:\/\/sunamerica.com.br\/?p=442\" >\n\t\t\t\tEnergia Solar \u00e9 Investimento?\t\t\t<\/a>\n\t\t<\/h3>\n\t\t\t\t<div class=\"elementor-post__meta-data\">\n\t\t\t\t\t<span class=\"elementor-post-date\">\n\t\t\t11 de maio de 2022\t\t<\/span>\n\t\t\t\t<span class=\"elementor-post-avatar\">\n\t\t\tNenhum coment\u00e1rio\t\t<\/span>\n\t\t\t\t<\/div>\n\t\t\t\t<div class=\"elementor-post__excerpt\">\n\t\t\t<p>Investimento Conforme j\u00e1 bem disseminado O Marco Legal da Gera\u00e7\u00e3o Distribu\u00edda estabelecido pela Lei 14300\/2022 que foi sancionada no in\u00edcio de 2022 define que os produtores<\/p>\n\t\t<\/div>\n\t\t\t\t\t<a class=\"elementor-post__read-more\" href=\"https:\/\/sunamerica.com.br\/?p=442\" >\n\t\t\t\tLeia\u00bb\t\t\t<\/a>\n\t\t\t\t<\/div>\n\t\t\t\t<\/article>\n\t\t\t\t<article class=\"elementor-post elementor-grid-item post-440 post type-post status-publish format-standard hentry category-sem-categoria\">\n\t\t\t\t<div class=\"elementor-post__text\">\n\t\t\t\t<h3 class=\"elementor-post__title\">\n\t\t\t<a href=\"https:\/\/sunamerica.com.br\/?p=440\" >\n\t\t\t\tEnergia vale ouro\t\t\t<\/a>\n\t\t<\/h3>\n\t\t\t\t<div class=\"elementor-post__meta-data\">\n\t\t\t\t\t<span class=\"elementor-post-date\">\n\t\t\t11 de maio de 2022\t\t<\/span>\n\t\t\t\t<span class=\"elementor-post-avatar\">\n\t\t\tNenhum coment\u00e1rio\t\t<\/span>\n\t\t\t\t<\/div>\n\t\t\t\t<div class=\"elementor-post__excerpt\">\n\t\t\t<p>Energia vale ouro! A guerra na Ucr\u00e2nia tem ressaltado os efeitos da crise energ\u00e9tica na Europa deixando claro que o ativo que mais se valoriza no<\/p>\n\t\t<\/div>\n\t\t\t\t\t<a class=\"elementor-post__read-more\" href=\"https:\/\/sunamerica.com.br\/?p=440\" >\n\t\t\t\tLeia\u00bb\t\t\t<\/a>\n\t\t\t\t<\/div>\n\t\t\t\t<\/article>\n\t\t\t\t<article class=\"elementor-post elementor-grid-item post-432 post type-post status-publish format-standard has-post-thumbnail hentry category-sem-categoria\">\n\t\t\t\t<a class=\"elementor-post__thumbnail__link\" href=\"https:\/\/sunamerica.com.br\/?p=432\" >\n\t\t\t<div class=\"elementor-post__thumbnail\"><img loading=\"lazy\" decoding=\"async\" width=\"300\" height=\"200\" src=\"https:\/\/sunamerica.com.br\/wp-content\/uploads\/2022\/05\/carro-eletrico-AdobeStock_377330794_Preview-300x200.jpeg\" class=\"attachment-medium size-medium\" alt=\"\" \/><\/div>\n\t\t<\/a>\n\t\t\t\t<div class=\"elementor-post__text\">\n\t\t\t\t<h3 class=\"elementor-post__title\">\n\t\t\t<a href=\"https:\/\/sunamerica.com.br\/?p=432\" >\n\t\t\t\tCuidados com Escolha e Instala\u00e7\u00e3o de Carregadores Veiculares\t\t\t<\/a>\n\t\t<\/h3>\n\t\t\t\t<div class=\"elementor-post__meta-data\">\n\t\t\t\t\t<span class=\"elementor-post-date\">\n\t\t\t6 de maio de 2022\t\t<\/span>\n\t\t\t\t<span class=\"elementor-post-avatar\">\n\t\t\tNenhum coment\u00e1rio\t\t<\/span>\n\t\t\t\t<\/div>\n\t\t\t\t<div class=\"elementor-post__excerpt\">\n\t\t\t<p>A sua Resid\u00eancia ou Empresa est\u00e1 pronta par receber os Carregadores Veiculares? A maioria dos clientes que adquirem carros el\u00e9tricos n\u00e3o pensam na adequa\u00e7\u00e3o do sistema<\/p>\n\t\t<\/div>\n\t\t\t\t\t<a class=\"elementor-post__read-more\" href=\"https:\/\/sunamerica.com.br\/?p=432\" >\n\t\t\t\tLeia\u00bb\t\t\t<\/a>\n\t\t\t\t<\/div>\n\t\t\t\t<\/article>\n\t\t\t\t<article class=\"elementor-post elementor-grid-item post-423 post type-post status-publish format-standard has-post-thumbnail hentry category-sem-categoria tag-energia-solar tag-projeto-arquitetonico-sua-casa tag-usina-fotovoltaica\">\n\t\t\t\t<a class=\"elementor-post__thumbnail__link\" href=\"https:\/\/sunamerica.com.br\/?p=423\" >\n\t\t\t<div class=\"elementor-post__thumbnail\"><img loading=\"lazy\" decoding=\"async\" width=\"300\" height=\"122\" src=\"https:\/\/sunamerica.com.br\/wp-content\/uploads\/2022\/05\/ProjetoEnergia-300x122.jpg\" class=\"attachment-medium size-medium\" alt=\"\" \/><\/div>\n\t\t<\/a>\n\t\t\t\t<div class=\"elementor-post__text\">\n\t\t\t\t<h3 class=\"elementor-post__title\">\n\t\t\t<a href=\"https:\/\/sunamerica.com.br\/?p=423\" >\n\t\t\t\tAdequa\u00e7\u00e3o do Projeto da Sua Casa para Energia Solar\t\t\t<\/a>\n\t\t<\/h3>\n\t\t\t\t<div class=\"elementor-post__meta-data\">\n\t\t\t\t\t<span class=\"elementor-post-date\">\n\t\t\t6 de maio de 2022\t\t<\/span>\n\t\t\t\t<span class=\"elementor-post-avatar\">\n\t\t\tNenhum coment\u00e1rio\t\t<\/span>\n\t\t\t\t<\/div>\n\t\t\t\t<div class=\"elementor-post__excerpt\">\n\t\t\t<p>O Projeto da sua Resid\u00eancia \u00e9 Adequado para o Aproveitamento da Energia Solar? Quando o assunto \u00e9 o aproveitamento da energia solar em resid\u00eancias e empresas<\/p>\n\t\t<\/div>\n\t\t\t\t\t<a class=\"elementor-post__read-more\" href=\"https:\/\/sunamerica.com.br\/?p=423\" >\n\t\t\t\tLeia\u00bb\t\t\t<\/a>\n\t\t\t\t<\/div>\n\t\t\t\t<\/article>\n\t\t\t\t<\/div>\n\n\n\t\t\n\t\t\t\t<\/div>\n\t\t\t\t<\/div>\n\t\t\t\t\t\t<\/div>\n\t\t\t\t\t<\/div>\n\t\t<\/div>\n\t\t\t\t\t\t\t\t<\/div>\n\t\t\t\t\t<\/div>\n\t\t<\/section>\n\t\t\t\t\t\t\t\t\t<\/div>\n\t\t\t<\/div>\n\t\t\t\t\t<\/div>\n\t\t","protected":false},"excerpt":{"rendered":"<p>ARTIGOS BLOG<\/p>\n","protected":false},"author":1,"featured_media":0,"parent":0,"menu_order":0,"comment_status":"closed","ping_status":"closed","template":"","meta":{"footnotes":""},"class_list":["post-267","page","type-page","status-publish","hentry"],"_links":{"self":[{"href":"https:\/\/sunamerica.com.br\/index.php?rest_route=\/wp\/v2\/pages\/267","targetHints":{"allow":["GET"]}}],"collection":[{"href":"https:\/\/sunamerica.com.br\/index.php?rest_route=\/wp\/v2\/pages"}],"about":[{"href":"https:\/\/sunamerica.com.br\/index.php?rest_route=\/wp\/v2\/types\/page"}],"author":[{"embeddable":true,"href":"https:\/\/sunamerica.com.br\/index.php?rest_route=\/wp\/v2\/users\/1"}],"replies":[{"embeddable":true,"href":"https:\/\/sunamerica.com.br\/index.php?rest_route=%2Fwp%2Fv2%2Fcomments&post=267"}],"version-history":[{"count":4,"href":"https:\/\/sunamerica.com.br\/index.php?rest_route=\/wp\/v2\/pages\/267\/revisions"}],"predecessor-version":[{"id":276,"href":"https:\/\/sunamerica.com.br\/index.php?rest_route=\/wp\/v2\/pages\/267\/revisions\/276"}],"wp:attachment":[{"href":"https:\/\/sunamerica.com.br\/index.php?rest_route=%2Fwp%2Fv2%2Fmedia&parent=267"}],"curies":[{"name":"wp","href":"https:\/\/api.w.org\/{rel}","templated":true}]}}